{"id":6222,"date":"2024-01-16T16:05:50","date_gmt":"2024-01-16T15:05:50","guid":{"rendered":"https:\/\/www.finsfactory.fr\/?post_type=product&#038;p=6222"},"modified":"2025-11-15T20:25:45","modified_gmt":"2025-11-15T19:25:45","slug":"t-shirt-chopperfins","status":"publish","type":"product","link":"https:\/\/www.finsfactory.fr\/index.php\/produit\/t-shirt-chopperfins\/","title":{"rendered":"T-shirt Chopperfins"},"content":{"rendered":"","protected":false},"excerpt":{"rendered":"<p>JERSEY 190 gr.\/m\u00b2<br \/>\n100% coton semi-peign\u00e9 Ringspun &#8211; Bande de propret\u00e9 au col &#8211; Col avec bord c\u00f4te \u00e9lasthanne<br \/>\nCoupe tubulaire &#8211;\u00a0Marquage en s\u00e9rigraphie Blanche<\/p>\n","protected":false},"featured_media":6230,"template":"","meta":{"jetpack_publicize_message":"","jetpack_publicize_feature_enabled":true,"jetpack_social_post_already_shared":true,"jetpack_social_options":{"image_generator_settings":{"template":"highway","default_image_id":0,"font":"","enabled":false},"version":2}},"product_brand":[],"product_cat":[169,85],"product_tag":[],"class_list":{"0":"post-6222","1":"product","2":"type-product","3":"status-publish","4":"has-post-thumbnail","6":"product_cat-chopper-fins","7":"product_cat-t-shirts","9":"first","10":"instock","11":"taxable","12":"shipping-taxable","13":"purchasable","14":"product-type-variable"},"jetpack_publicize_connections":[],"jetpack_sharing_enabled":true,"_links":{"self":[{"href":"https:\/\/www.finsfactory.fr\/index.php\/wp-json\/wp\/v2\/product\/6222","targetHints":{"allow":["GET"]}}],"collection":[{"href":"https:\/\/www.finsfactory.fr\/index.php\/wp-json\/wp\/v2\/product"}],"about":[{"href":"https:\/\/www.finsfactory.fr\/index.php\/wp-json\/wp\/v2\/types\/product"}],"version-history":[{"count":3,"href":"https:\/\/www.finsfactory.fr\/index.php\/wp-json\/wp\/v2\/product\/6222\/revisions"}],"predecessor-version":[{"id":10846,"href":"https:\/\/www.finsfactory.fr\/index.php\/wp-json\/wp\/v2\/product\/6222\/revisions\/10846"}],"wp:featuredmedia":[{"embeddable":true,"href":"https:\/\/www.finsfactory.fr\/index.php\/wp-json\/wp\/v2\/media\/6230"}],"wp:attachment":[{"href":"https:\/\/www.finsfactory.fr\/index.php\/wp-json\/wp\/v2\/media?parent=6222"}],"wp:term":[{"taxonomy":"product_brand","embeddable":true,"href":"https:\/\/www.finsfactory.fr\/index.php\/wp-json\/wp\/v2\/product_brand?post=6222"},{"taxonomy":"product_cat","embeddable":true,"href":"https:\/\/www.finsfactory.fr\/index.php\/wp-json\/wp\/v2\/product_cat?post=6222"},{"taxonomy":"product_tag","embeddable":true,"href":"https:\/\/www.finsfactory.fr\/index.php\/wp-json\/wp\/v2\/product_tag?post=6222"}],"curies":[{"name":"wp","href":"https:\/\/api.w.org\/{rel}","templated":true}]}}