{"id":5034,"date":"2023-11-19T17:20:23","date_gmt":"2023-11-19T16:20:23","guid":{"rendered":"https:\/\/www.finsfactory.fr\/?post_type=product&#038;p=5034"},"modified":"2025-11-15T20:29:34","modified_gmt":"2025-11-15T19:29:34","slug":"freestyle-ultime-svbedition","status":"publish","type":"product","link":"https:\/\/www.finsfactory.fr\/index.php\/produit\/freestyle-ultime-svbedition\/","title":{"rendered":"Freestyle Ultime &#8211; SVB Edition"},"content":{"rendered":"<p>Aileron co-d\u00e9velopp\u00e9 avec Steven Van Broeckhoven et le premier sur le march\u00e9 en technologie pr\u00e9impr\u00e9gn\u00e9 !<\/p>\n<p>La technologie carbone pr\u00e9impr\u00e9gn\u00e9 conf\u00e8re \u00e0 cet aileron une incroyable pr\u00e9cision dans sa construction.<\/p>\n<p>Son profil particulier apporte une incroyable nervosit\u00e9 et une acc\u00e9l\u00e9ration hors norme, ce qui vous permettra de r\u00e9aliser les \u00ab\u00a0moves\u00a0\u00bb les plus audacieux.<\/p>\n<p>Cet aileron a remport\u00e9 de tr\u00e8s nombreux podiums internationaux et PWA.<\/p>\n<p>Tous nos talons sont r\u00e9alis\u00e9s en carbone\/\u00e9poxy ce qui leur conf\u00e8re une solidit\u00e9 \u00e0 toute \u00e9preuve.<br \/>\nRegardez <a href=\"https:\/\/www.finsfactory.fr\/index.php\/fixer_un_-aileron_windsurf\/\" target=\"_blank\" rel=\"noopener\">notre vid\u00e9o<\/a> pour la fixation de vos ailerons et le choix des vis. Aucune garantie ne sera accord\u00e9e en cas de fissure ou casse du talon d\u00fb \u00e0 l&rsquo;utilisation de vis trop longues.<\/p>\n<p>D\u00e9lai de livraison 6 \u00e0 12 semaines semaines environ ( fabrication \u00e0 la commande)<\/p>\n","protected":false},"excerpt":{"rendered":"<p>Aileron co-d\u00e9velopp\u00e9 avec Steven Van Broeckhoven et le premier sur le march\u00e9 en technologie pr\u00e9impr\u00e9gn\u00e9 ! La technologie carbone pr\u00e9impr\u00e9gn\u00e9 conf\u00e8re \u00e0 cet aileron une incroyable pr\u00e9cision dans sa construction. Son profil particulier apporte une incroyable nervosit\u00e9 et une acc\u00e9l\u00e9ration hors norme, ce qui vous permettra de r\u00e9aliser les \u00ab\u00a0moves\u00a0\u00bb les plus audacieux. Cet aileron [&hellip;]<\/p>\n","protected":false},"featured_media":6219,"template":"","meta":{"jetpack_publicize_message":"","jetpack_publicize_feature_enabled":true,"jetpack_social_post_already_shared":false,"jetpack_social_options":{"image_generator_settings":{"template":"highway","default_image_id":0,"font":"","enabled":false},"version":2}},"product_brand":[],"product_cat":[169,99],"product_tag":[168,167,159,166],"class_list":{"0":"post-5034","1":"product","2":"type-product","3":"status-publish","4":"has-post-thumbnail","6":"product_cat-chopper-fins","7":"product_cat-freestyle-fins","8":"product_tag-gasoil-fins","9":"product_tag-maui-fins","10":"product_tag-select-windsurfing","11":"product_tag-zfins","13":"first","14":"instock","15":"taxable","16":"shipping-taxable","17":"purchasable","18":"product-type-variable"},"jetpack_publicize_connections":[],"jetpack_sharing_enabled":true,"_links":{"self":[{"href":"https:\/\/www.finsfactory.fr\/index.php\/wp-json\/wp\/v2\/product\/5034","targetHints":{"allow":["GET"]}}],"collection":[{"href":"https:\/\/www.finsfactory.fr\/index.php\/wp-json\/wp\/v2\/product"}],"about":[{"href":"https:\/\/www.finsfactory.fr\/index.php\/wp-json\/wp\/v2\/types\/product"}],"version-history":[{"count":4,"href":"https:\/\/www.finsfactory.fr\/index.php\/wp-json\/wp\/v2\/product\/5034\/revisions"}],"predecessor-version":[{"id":6841,"href":"https:\/\/www.finsfactory.fr\/index.php\/wp-json\/wp\/v2\/product\/5034\/revisions\/6841"}],"wp:featuredmedia":[{"embeddable":true,"href":"https:\/\/www.finsfactory.fr\/index.php\/wp-json\/wp\/v2\/media\/6219"}],"wp:attachment":[{"href":"https:\/\/www.finsfactory.fr\/index.php\/wp-json\/wp\/v2\/media?parent=5034"}],"wp:term":[{"taxonomy":"product_brand","embeddable":true,"href":"https:\/\/www.finsfactory.fr\/index.php\/wp-json\/wp\/v2\/product_brand?post=5034"},{"taxonomy":"product_cat","embeddable":true,"href":"https:\/\/www.finsfactory.fr\/index.php\/wp-json\/wp\/v2\/product_cat?post=5034"},{"taxonomy":"product_tag","embeddable":true,"href":"https:\/\/www.finsfactory.fr\/index.php\/wp-json\/wp\/v2\/product_tag?post=5034"}],"curies":[{"name":"wp","href":"https:\/\/api.w.org\/{rel}","templated":true}]}}