{"id":2816,"date":"2022-11-27T15:23:51","date_gmt":"2022-11-27T14:23:51","guid":{"rendered":"https:\/\/www.finsfactory.fr\/?post_type=product&#038;p=2816"},"modified":"2025-11-15T20:35:40","modified_gmt":"2025-11-15T19:35:40","slug":"slalom-chopper-3","status":"publish","type":"product","link":"https:\/\/www.finsfactory.fr\/index.php\/produit\/slalom-chopper-3\/","title":{"rendered":"Slalom &#8211; Chopper"},"content":{"rendered":"<p>On ne pr\u00e9sente plus l&rsquo;aileron Chopper, il est sur tous les podiums de PWA depuis de nombreuses ann\u00e9es!!<br \/>\nMise au point par Ludo Jossin, cette lame construite en carbone pr\u00e9-impr\u00e9gn\u00e9 est une v\u00e9ritable machine de guerre.<br \/>\nLa technologie pr\u00e9-impr\u00e9gn\u00e9 est la seule qui permet de garantir la parfaite exactitude et reproductibilit\u00e9 de la lame.<br \/>\nLes orientations des fibres et les superpositions des couches sont microm\u00e9triques sans une goutte de r\u00e9sine liquide.<br \/>\nLes dosages sont donc parfaits et au milligramme pr\u00e8s.<\/p>\n<p>Cet aileron est\u00a0 le fruit de tr\u00e8s nombreuses ann\u00e9es de mise au point et de milliers d&rsquo;heures de tests sur l&rsquo;eau.<br \/>\nPierre Mortefon l&rsquo;utilise sur toutes les \u00e9tapes de PWA depuis plusieurs saisons et ne le changerait pour rien au monde!<\/p>\n<p>Faire le choix d&rsquo;un aileron Chopper, c&rsquo;est se donner la chance d&rsquo;am\u00e9liorer ses performances, sur tous types de plans d&rsquo;eau.<br \/>\nEn longues distances comme en PWA, vous laisserez vos concurrents derri\u00e8re vous \u00e0 coup sur!<\/p>\n<p><strong>Talon en fibre de carbon\/resine epoxy pour plus de performance et une solidit\u00e9 \u00e0 toute \u00e9preuve. Le pr\u00e9f\u00e9r\u00e9 des riders de PWA !<br \/>\n<\/strong><strong>D\u00e9lai de livraison : 6 \u00e0 12 semaines semaines environ.<\/strong><\/p>\n<p><strong>Regardez <a href=\"https:\/\/www.finsfactory.fr\/index.php\/fixer_un_-aileron_windsurf\/\" target=\"_blank\" rel=\"noopener\">notre vid\u00e9o<\/a> pour la fixation de vos ailerons et le choix des vis. Aucune garantie ne sera accord\u00e9e en cas de fissure ou casse du talon d\u00fb \u00e0 l&rsquo;utilisation de vis trop longues.<\/strong><\/p>\n<p>&nbsp;<\/p>\n<p><a href=\"https:\/\/i0.wp.com\/www.finsfactory.fr\/wp-content\/uploads\/2022\/11\/Fin-Selector.png?ssl=1\"><img data-recalc-dims=\"1\" fetchpriority=\"high\" decoding=\"async\" class=\"alignnone wp-image-6251 size-full\" src=\"https:\/\/i0.wp.com\/www.finsfactory.fr\/wp-content\/uploads\/2022\/11\/Fin-Selector.png?resize=968%2C472&#038;ssl=1\" alt=\"\" width=\"968\" height=\"472\" srcset=\"https:\/\/i0.wp.com\/www.finsfactory.fr\/wp-content\/uploads\/2022\/11\/Fin-Selector.png?w=968&amp;ssl=1 968w, https:\/\/i0.wp.com\/www.finsfactory.fr\/wp-content\/uploads\/2022\/11\/Fin-Selector.png?resize=768%2C374&amp;ssl=1 768w, https:\/\/i0.wp.com\/www.finsfactory.fr\/wp-content\/uploads\/2022\/11\/Fin-Selector.png?resize=640%2C312&amp;ssl=1 640w, https:\/\/i0.wp.com\/www.finsfactory.fr\/wp-content\/uploads\/2022\/11\/Fin-Selector.png?resize=400%2C195&amp;ssl=1 400w, https:\/\/i0.wp.com\/www.finsfactory.fr\/wp-content\/uploads\/2022\/11\/Fin-Selector.png?resize=600%2C293&amp;ssl=1 600w\" sizes=\"(max-width: 968px) 100vw, 968px\" \/><\/a><\/p>\n<p>&nbsp;<\/p>\n","protected":false},"excerpt":{"rendered":"<p>On ne pr\u00e9sente plus l&rsquo;aileron Chopper, il est sur tous les podiums de PWA depuis de nombreuses ann\u00e9es!! Mise au point par Ludo Jossin, cette lame construite en carbone pr\u00e9-impr\u00e9gn\u00e9 est une v\u00e9ritable machine de guerre. La technologie pr\u00e9-impr\u00e9gn\u00e9 est la seule qui permet de garantir la parfaite exactitude et reproductibilit\u00e9 de la lame. Les [&hellip;]<\/p>\n","protected":false},"featured_media":4862,"template":"","meta":{"jetpack_publicize_message":"","jetpack_publicize_feature_enabled":true,"jetpack_social_post_already_shared":false,"jetpack_social_options":{"image_generator_settings":{"template":"highway","default_image_id":0,"font":"","enabled":false},"version":2}},"product_brand":[],"product_cat":[169,101],"product_tag":[168,158,166],"class_list":{"0":"post-2816","1":"product","2":"type-product","3":"status-publish","4":"has-post-thumbnail","6":"product_cat-chopper-fins","7":"product_cat-slalom-fins","8":"product_tag-gasoil-fins","9":"product_tag-maui-ultra-fins","10":"product_tag-zfins","12":"first","13":"instock","14":"featured","15":"taxable","16":"shipping-taxable","17":"purchasable","18":"product-type-variable"},"jetpack_publicize_connections":[],"jetpack_sharing_enabled":true,"_links":{"self":[{"href":"https:\/\/www.finsfactory.fr\/index.php\/wp-json\/wp\/v2\/product\/2816","targetHints":{"allow":["GET"]}}],"collection":[{"href":"https:\/\/www.finsfactory.fr\/index.php\/wp-json\/wp\/v2\/product"}],"about":[{"href":"https:\/\/www.finsfactory.fr\/index.php\/wp-json\/wp\/v2\/types\/product"}],"version-history":[{"count":16,"href":"https:\/\/www.finsfactory.fr\/index.php\/wp-json\/wp\/v2\/product\/2816\/revisions"}],"predecessor-version":[{"id":7202,"href":"https:\/\/www.finsfactory.fr\/index.php\/wp-json\/wp\/v2\/product\/2816\/revisions\/7202"}],"wp:featuredmedia":[{"embeddable":true,"href":"https:\/\/www.finsfactory.fr\/index.php\/wp-json\/wp\/v2\/media\/4862"}],"wp:attachment":[{"href":"https:\/\/www.finsfactory.fr\/index.php\/wp-json\/wp\/v2\/media?parent=2816"}],"wp:term":[{"taxonomy":"product_brand","embeddable":true,"href":"https:\/\/www.finsfactory.fr\/index.php\/wp-json\/wp\/v2\/product_brand?post=2816"},{"taxonomy":"product_cat","embeddable":true,"href":"https:\/\/www.finsfactory.fr\/index.php\/wp-json\/wp\/v2\/product_cat?post=2816"},{"taxonomy":"product_tag","embeddable":true,"href":"https:\/\/www.finsfactory.fr\/index.php\/wp-json\/wp\/v2\/product_tag?post=2816"}],"curies":[{"name":"wp","href":"https:\/\/api.w.org\/{rel}","templated":true}]}}